{"id":779,"date":"2023-12-04T09:26:29","date_gmt":"2023-12-04T08:26:29","guid":{"rendered":"https:\/\/astigarragatattoo.eus\/politica-de-cookies\/"},"modified":"2025-09-26T14:43:41","modified_gmt":"2025-09-26T12:43:41","slug":"politica-de-cookies","status":"publish","type":"page","link":"https:\/\/astigarragatattoo.eus\/es\/politica-de-cookies\/","title":{"rendered":"Pol\u00edtica de cookies"},"content":{"rendered":"\n<h2 class=\"wp-block-heading\">\u00bfQu\u00e9 es una cookie?<\/h2>\n\n\n\n<p>Una \u201ccookie\u201d es un archivo inform\u00e1tico que un servidor web puede procesar en el dispositivo (ordenador, tel\u00e9fono, tablet, etc.) con el que se conecta la persona usuaria, con el fin de reconocer sus caracter\u00edsticas o preferencias cuando se vuelva a conectar, o de facilitar el uso y la navegaci\u00f3n por el sitio web, aportando diversas ventajas en la prestaci\u00f3n de servicios interactivos.<\/p>\n\n\n\n<p>Las cookies se utilizan, entre otras finalidades, para gestionar la sesi\u00f3n de la persona usuaria (por ejemplo, que la navegaci\u00f3n a trav\u00e9s de los diferentes apartados del sitio web sea l\u00f3gica), para adecuar los contenidos de un sitio web a sus preferencias (por ejemplo, idioma) o para realizar labores anal\u00edticas (por ejemplo, medir el tr\u00e1fico y utilizaci\u00f3n de un sitio web).<\/p>\n\n\n\n<p>Las cookies pueden ser de \u201csesi\u00f3n\u201d, cuando se borran autom\u00e1ticamente una vez la persona usuaria abandone el sitio web que las gener\u00f3 o \u201cpersistentes\u201d, cuando permanecen en el dispositivo hasta una fecha determinada.<\/p>\n\n\n\n<h2 class=\"wp-block-heading\">\u00bfQu\u00e9 tipo de cookies utiliza este sitio web?<\/h2>\n\n\n\n<p>Este sitio web utiliza diferentes tipos de cookies, con las finalidades que se detallan a continuaci\u00f3n:<\/p>\n\n\n\n<p>Cookies t\u00e9cnicas: permiten a la persona usuaria la navegaci\u00f3n a trav\u00e9s de este sitio web y la utilizaci\u00f3n de diferentes opciones que en \u00e9l pueden existir como, por ejemplo, identificar la sesi\u00f3n, gestionar los par\u00e1metros introducidos por la persona usuaria o compartir contenidos a trav\u00e9s de redes sociales.<\/p>\n\n\n\n<p>Cookies de personalizaci\u00f3n: permiten a la persona usuaria acceder al servicio con algunas caracter\u00edsticas de car\u00e1cter general, predefinidas en funci\u00f3n de una serie de criterios, en su dispositivo (por ejemplo, el idioma, el tipo de navegador a trav\u00e9s del cual accede al servicio, etc\u00e9tera).<\/p>\n\n\n\n<p>Cookies de an\u00e1lisis: permiten el seguimiento y an\u00e1lisis del comportamiento de las personas usuarias del sitio web, durante periodos de tiempo concretos. La informaci\u00f3n recogida mediante este tipo de cookies se utiliza en la medici\u00f3n de la actividad del sitio web, con el fin de introducir mejoras en funci\u00f3n del an\u00e1lisis de los datos de uso que hacen las personas usuarias (por ejemplo, Google Analytics).<\/p>\n\n\n\n<h2 class=\"wp-block-heading\">Cookies anal\u00edticas utilizadas en este sitio web<\/h2>\n\n\n\n<p><a>Nombre: \u201c<\/a><a>_<\/a>ga\u201d. Duraci\u00f3n: 2 a\u00f1os. Tipo: cookie de tercero (Google Analytics). Finalidad: esta cookie es instalada por Google Analytics y se utiliza para calcular los datos de visitantes, sesiones y campa\u00f1as y realizar un seguimiento del uso del sitio para el informe de an\u00e1lisis del sitio. Esta cookie asigna un identificador \u00fanico generado aleatoriamente para distinguir a las personas usuarias del sitio web, con finalidades estad\u00edsticas a largo plazo.<\/p>\n\n\n\n<p>Nombre: \u201c_gat\u201d. Duraci\u00f3n: 1-10 minutos. Tipo: cookie de tercero (Google Analytics). Finalidad: esta cookie es instalada por Google Analytics y se utiliza para limitar las solicitudes al sitio web, regular los env\u00edos de datos a Google Analytics. Esta cookie asigna un identificador \u00fanico generado aleatoriamente para distinguir a las personas usuarias del sitio web a corto plazo.<\/p>\n\n\n\n<p>Nombre: \u201c_gid\u201d. Duraci\u00f3n: 24 horas. Tipo: cookie de tercero (Google Analytics). Finalidad: esta cookie es instalada por Google Analytics y se utiliza para almacenar informaci\u00f3n sobre c\u00f3mo los visitantes usan un sitio web y ayuda a crear un informe anal\u00edtico de c\u00f3mo est\u00e1 funcionando el sitio web. Los datos recopilados, incluido el n\u00famero de visitantes, la fuente de donde provienen y las p\u00e1ginas, se muestran de forma estad\u00edstica. Esta cookie asigna un identificador \u00fanico generado aleatoriamente para distinguir a las personas usuarias del sitio web, con finalidades estad\u00edsticas a corto plazo.<\/p>\n\n\n\n<p>Puede consultar informaci\u00f3n detallada sobre Google Analytics a trav\u00e9s del siguiente enlace proporcionado por Google:\u00a0<a href=\"https:\/\/support.google.com\/analytics\/answer\/6004245\">https:\/\/support.google.com\/analytics\/answer\/6004245<\/a><\/p>\n\n\n\n<h2 class=\"wp-block-heading\">\u00bfC\u00f3mo se pueden desactivar o eliminar las cookies?<\/h2>\n\n\n\n<p>Si lo desea puede utilizar el complemento de inhabilitaci\u00f3n para navegadores de Google Analytics mediante el que pueden rechazarse las cookies anal\u00edticas de dicho servicio en muchos navegadores. Para m\u00e1s informaci\u00f3n: <a href=\"https:\/\/tools.google.com\/dlpage\/gaoptout\">https:\/\/tools.google.com\/dlpage\/gaoptout<\/a><\/p>\n\n\n\n<p>Adem\u00e1s, la persona usuaria, si lo desea, pueda desactivar o eliminar las cookies, total o parcialmente, en cualquier momento, de forma manual o autom\u00e1tica. Para ello debe consultar las opciones de configuraci\u00f3n para el tratamiento de cookies que facilitan los diferentes navegadores.<\/p>\n\n\n\n<p>Por otra parte, este sitio web incorpora un complemento (\u201cplug-in\u201d) espec\u00edfico mediante el cual la persona usuaria podr\u00e1 aceptar, configurar y rechazar la utilizaci\u00f3n de cookies, otorgando y revocando consentimientos, seg\u00fan su criterio. Para ello, abrir el bot\u00f3n \u00abGestionar consentimiento\u00bb.<\/p>\n\n\n\n<p><\/p>\n","protected":false},"excerpt":{"rendered":"<p>\u00bfQu\u00e9 es una cookie? Una \u201ccookie\u201d es un archivo inform\u00e1tico que un servidor web puede procesar en el dispositivo (ordenador, tel\u00e9fono, tablet, etc.) con el que se conecta la persona usuaria, con el fin de reconocer sus caracter\u00edsticas o preferencias cuando se vuelva a conectar, o de facilitar el uso y la navegaci\u00f3n por el [&hellip;]<\/p>\n","protected":false},"author":1,"featured_media":0,"parent":0,"menu_order":0,"comment_status":"closed","ping_status":"closed","template":"","meta":{"site-sidebar-layout":"default","site-content-layout":"","ast-site-content-layout":"default","site-content-style":"default","site-sidebar-style":"default","ast-global-header-display":"","ast-banner-title-visibility":"","ast-main-header-display":"","ast-hfb-above-header-display":"","ast-hfb-below-header-display":"","ast-hfb-mobile-header-display":"","site-post-title":"","ast-breadcrumbs-content":"","ast-featured-img":"","footer-sml-layout":"","ast-disable-related-posts":"","theme-transparent-header-meta":"","adv-header-id-meta":"","stick-header-meta":"","header-above-stick-meta":"","header-main-stick-meta":"","header-below-stick-meta":"","astra-migrate-meta-layouts":"default","ast-page-background-enabled":"default","ast-page-background-meta":{"desktop":{"background-color":"var(--ast-global-color-4)","background-image":"","background-repeat":"repeat","background-position":"center center","background-size":"auto","background-attachment":"scroll","background-type":"","background-media":"","overlay-type":"","overlay-color":"","overlay-opacity":"","overlay-gradient":""},"tablet":{"background-color":"","background-image":"","background-repeat":"repeat","background-position":"center center","background-size":"auto","background-attachment":"scroll","background-type":"","background-media":"","overlay-type":"","overlay-color":"","overlay-opacity":"","overlay-gradient":""},"mobile":{"background-color":"","background-image":"","background-repeat":"repeat","background-position":"center center","background-size":"auto","background-attachment":"scroll","background-type":"","background-media":"","overlay-type":"","overlay-color":"","overlay-opacity":"","overlay-gradient":""}},"ast-content-background-meta":{"desktop":{"background-color":"var(--ast-global-color-5)","background-image":"","background-repeat":"repeat","background-position":"center center","background-size":"auto","background-attachment":"scroll","background-type":"","background-media":"","overlay-type":"","overlay-color":"","overlay-opacity":"","overlay-gradient":""},"tablet":{"background-color":"var(--ast-global-color-5)","background-image":"","background-repeat":"repeat","background-position":"center center","background-size":"auto","background-attachment":"scroll","background-type":"","background-media":"","overlay-type":"","overlay-color":"","overlay-opacity":"","overlay-gradient":""},"mobile":{"background-color":"var(--ast-global-color-5)","background-image":"","background-repeat":"repeat","background-position":"center center","background-size":"auto","background-attachment":"scroll","background-type":"","background-media":"","overlay-type":"","overlay-color":"","overlay-opacity":"","overlay-gradient":""}},"footnotes":""},"class_list":["post-779","page","type-page","status-publish","hentry"],"yoast_head":"<!-- This site is optimized with the Yoast SEO plugin v26.9 - https:\/\/yoast.com\/product\/yoast-seo-wordpress\/ -->\n<title>Pol\u00edtica de cookies - Astigarraga Tattoo<\/title>\n<meta name=\"robots\" content=\"noindex, follow\" \/>\n<meta property=\"og:locale\" content=\"es_ES\" \/>\n<meta property=\"og:type\" content=\"article\" \/>\n<meta property=\"og:title\" content=\"Pol\u00edtica de cookies - Astigarraga Tattoo\" \/>\n<meta property=\"og:description\" content=\"\u00bfQu\u00e9 es una cookie? Una \u201ccookie\u201d es un archivo inform\u00e1tico que un servidor web puede procesar en el dispositivo (ordenador, tel\u00e9fono, tablet, etc.) con el que se conecta la persona usuaria, con el fin de reconocer sus caracter\u00edsticas o preferencias cuando se vuelva a conectar, o de facilitar el uso y la navegaci\u00f3n por el [&hellip;]\" \/>\n<meta property=\"og:url\" content=\"https:\/\/astigarragatattoo.eus\/es\/politica-de-cookies\/\" \/>\n<meta property=\"og:site_name\" content=\"Astigarraga Tattoo\" \/>\n<meta property=\"article:modified_time\" content=\"2025-09-26T12:43:41+00:00\" \/>\n<meta name=\"twitter:card\" content=\"summary_large_image\" \/>\n<meta name=\"twitter:label1\" content=\"Tiempo de lectura\" \/>\n\t<meta name=\"twitter:data1\" content=\"4 minutos\" \/>\n<script type=\"application\/ld+json\" class=\"yoast-schema-graph\">{\"@context\":\"https:\/\/schema.org\",\"@graph\":[{\"@type\":\"WebPage\",\"@id\":\"https:\/\/astigarragatattoo.eus\/es\/politica-de-cookies\/\",\"url\":\"https:\/\/astigarragatattoo.eus\/es\/politica-de-cookies\/\",\"name\":\"Pol\u00edtica de cookies - Astigarraga Tattoo\",\"isPartOf\":{\"@id\":\"https:\/\/astigarragatattoo.eus\/es\/#website\"},\"datePublished\":\"2023-12-04T08:26:29+00:00\",\"dateModified\":\"2025-09-26T12:43:41+00:00\",\"breadcrumb\":{\"@id\":\"https:\/\/astigarragatattoo.eus\/es\/politica-de-cookies\/#breadcrumb\"},\"inLanguage\":\"es\",\"potentialAction\":[{\"@type\":\"ReadAction\",\"target\":[\"https:\/\/astigarragatattoo.eus\/es\/politica-de-cookies\/\"]}]},{\"@type\":\"BreadcrumbList\",\"@id\":\"https:\/\/astigarragatattoo.eus\/es\/politica-de-cookies\/#breadcrumb\",\"itemListElement\":[{\"@type\":\"ListItem\",\"position\":1,\"name\":\"Portada\",\"item\":\"https:\/\/astigarragatattoo.eus\/es\/\"},{\"@type\":\"ListItem\",\"position\":2,\"name\":\"Pol\u00edtica de cookies\"}]},{\"@type\":\"WebSite\",\"@id\":\"https:\/\/astigarragatattoo.eus\/es\/#website\",\"url\":\"https:\/\/astigarragatattoo.eus\/es\/\",\"name\":\"Astigarraga Tattoo\",\"description\":\"\",\"publisher\":{\"@id\":\"https:\/\/astigarragatattoo.eus\/es\/#organization\"},\"potentialAction\":[{\"@type\":\"SearchAction\",\"target\":{\"@type\":\"EntryPoint\",\"urlTemplate\":\"https:\/\/astigarragatattoo.eus\/es\/?s={search_term_string}\"},\"query-input\":{\"@type\":\"PropertyValueSpecification\",\"valueRequired\":true,\"valueName\":\"search_term_string\"}}],\"inLanguage\":\"es\"},{\"@type\":\"Organization\",\"@id\":\"https:\/\/astigarragatattoo.eus\/es\/#organization\",\"name\":\"Astigarraga Tattoo\",\"url\":\"https:\/\/astigarragatattoo.eus\/es\/\",\"logo\":{\"@type\":\"ImageObject\",\"inLanguage\":\"es\",\"@id\":\"https:\/\/astigarragatattoo.eus\/es\/#\/schema\/logo\/image\/\",\"url\":\"https:\/\/astigarragatattoo.eus\/wp-content\/uploads\/2023\/11\/Astigarraga-Tatto-logo-kolore.png\",\"contentUrl\":\"https:\/\/astigarragatattoo.eus\/wp-content\/uploads\/2023\/11\/Astigarraga-Tatto-logo-kolore.png\",\"width\":1000,\"height\":1000,\"caption\":\"Astigarraga Tattoo\"},\"image\":{\"@id\":\"https:\/\/astigarragatattoo.eus\/es\/#\/schema\/logo\/image\/\"}}]}<\/script>\n<!-- \/ Yoast SEO plugin. -->","yoast_head_json":{"title":"Pol\u00edtica de cookies - Astigarraga Tattoo","robots":{"index":"noindex","follow":"follow"},"og_locale":"es_ES","og_type":"article","og_title":"Pol\u00edtica de cookies - Astigarraga Tattoo","og_description":"\u00bfQu\u00e9 es una cookie? Una \u201ccookie\u201d es un archivo inform\u00e1tico que un servidor web puede procesar en el dispositivo (ordenador, tel\u00e9fono, tablet, etc.) con el que se conecta la persona usuaria, con el fin de reconocer sus caracter\u00edsticas o preferencias cuando se vuelva a conectar, o de facilitar el uso y la navegaci\u00f3n por el [&hellip;]","og_url":"https:\/\/astigarragatattoo.eus\/es\/politica-de-cookies\/","og_site_name":"Astigarraga Tattoo","article_modified_time":"2025-09-26T12:43:41+00:00","twitter_card":"summary_large_image","twitter_misc":{"Tiempo de lectura":"4 minutos"},"schema":{"@context":"https:\/\/schema.org","@graph":[{"@type":"WebPage","@id":"https:\/\/astigarragatattoo.eus\/es\/politica-de-cookies\/","url":"https:\/\/astigarragatattoo.eus\/es\/politica-de-cookies\/","name":"Pol\u00edtica de cookies - Astigarraga Tattoo","isPartOf":{"@id":"https:\/\/astigarragatattoo.eus\/es\/#website"},"datePublished":"2023-12-04T08:26:29+00:00","dateModified":"2025-09-26T12:43:41+00:00","breadcrumb":{"@id":"https:\/\/astigarragatattoo.eus\/es\/politica-de-cookies\/#breadcrumb"},"inLanguage":"es","potentialAction":[{"@type":"ReadAction","target":["https:\/\/astigarragatattoo.eus\/es\/politica-de-cookies\/"]}]},{"@type":"BreadcrumbList","@id":"https:\/\/astigarragatattoo.eus\/es\/politica-de-cookies\/#breadcrumb","itemListElement":[{"@type":"ListItem","position":1,"name":"Portada","item":"https:\/\/astigarragatattoo.eus\/es\/"},{"@type":"ListItem","position":2,"name":"Pol\u00edtica de cookies"}]},{"@type":"WebSite","@id":"https:\/\/astigarragatattoo.eus\/es\/#website","url":"https:\/\/astigarragatattoo.eus\/es\/","name":"Astigarraga Tattoo","description":"","publisher":{"@id":"https:\/\/astigarragatattoo.eus\/es\/#organization"},"potentialAction":[{"@type":"SearchAction","target":{"@type":"EntryPoint","urlTemplate":"https:\/\/astigarragatattoo.eus\/es\/?s={search_term_string}"},"query-input":{"@type":"PropertyValueSpecification","valueRequired":true,"valueName":"search_term_string"}}],"inLanguage":"es"},{"@type":"Organization","@id":"https:\/\/astigarragatattoo.eus\/es\/#organization","name":"Astigarraga Tattoo","url":"https:\/\/astigarragatattoo.eus\/es\/","logo":{"@type":"ImageObject","inLanguage":"es","@id":"https:\/\/astigarragatattoo.eus\/es\/#\/schema\/logo\/image\/","url":"https:\/\/astigarragatattoo.eus\/wp-content\/uploads\/2023\/11\/Astigarraga-Tatto-logo-kolore.png","contentUrl":"https:\/\/astigarragatattoo.eus\/wp-content\/uploads\/2023\/11\/Astigarraga-Tatto-logo-kolore.png","width":1000,"height":1000,"caption":"Astigarraga Tattoo"},"image":{"@id":"https:\/\/astigarragatattoo.eus\/es\/#\/schema\/logo\/image\/"}}]}},"_links":{"self":[{"href":"https:\/\/astigarragatattoo.eus\/es\/wp-json\/wp\/v2\/pages\/779","targetHints":{"allow":["GET"]}}],"collection":[{"href":"https:\/\/astigarragatattoo.eus\/es\/wp-json\/wp\/v2\/pages"}],"about":[{"href":"https:\/\/astigarragatattoo.eus\/es\/wp-json\/wp\/v2\/types\/page"}],"author":[{"embeddable":true,"href":"https:\/\/astigarragatattoo.eus\/es\/wp-json\/wp\/v2\/users\/1"}],"replies":[{"embeddable":true,"href":"https:\/\/astigarragatattoo.eus\/es\/wp-json\/wp\/v2\/comments?post=779"}],"version-history":[{"count":3,"href":"https:\/\/astigarragatattoo.eus\/es\/wp-json\/wp\/v2\/pages\/779\/revisions"}],"predecessor-version":[{"id":1242,"href":"https:\/\/astigarragatattoo.eus\/es\/wp-json\/wp\/v2\/pages\/779\/revisions\/1242"}],"wp:attachment":[{"href":"https:\/\/astigarragatattoo.eus\/es\/wp-json\/wp\/v2\/media?parent=779"}],"curies":[{"name":"wp","href":"https:\/\/api.w.org\/{rel}","templated":true}]}}